{"id":52,"date":"2016-03-21T09:51:50","date_gmt":"2016-03-21T08:51:50","guid":{"rendered":"http:\/\/localhost\/koller\/?page_id=52"},"modified":"2022-10-18T12:07:21","modified_gmt":"2022-10-18T10:07:21","slug":"impressum","status":"publish","type":"page","link":"https:\/\/www.koller.at\/index.php\/impressum\/","title":{"rendered":"Impressum"},"content":{"rendered":"<h5>Information lt.\u00a7 5 Abs. 1 E-Commerce-Gesetz<\/h5>\n<table style=\"width: 100%;\" border=\"0\" cellspacing=\"0\" cellpadding=\"0\" align=\"left\">\n<tbody>\n<tr valign=\"middle\">\n<td>Firmenname:<\/td>\n<td>Roman Koller<\/td>\n<\/tr>\n<tr>\n<td>Stra\u00dfe:<\/td>\n<td>Stifterstra\u00dfe 19<\/td>\n<\/tr>\n<tr>\n<td>PLZ\/Ort:<\/td>\n<td>4722 Bruck-Waasen, Austria<\/td>\n<\/tr>\n<tr>\n<td>UID:<\/td>\n<td>ATU 22 32 90 04<\/td>\n<\/tr>\n<tr>\n<td>Telefon:<\/td>\n<td>+43 (0) 676 925 56 63<\/td>\n<\/tr>\n<tr>\n<td>E-Mail:<\/td>\n<td><a href=\"mailto:r.koller@koller.at\">r.koller@koller.at<\/a><\/td>\n<\/tr>\n<tr style=\"height: 1em;\">\n<td>Homepage:<\/td>\n<td><a href=\"https:\/\/www.koller.at\/\">www.koller.at<\/a><\/td>\n<\/tr>\n<tr style=\"height: 1em;\">\n<td class=\"imglinkgrau\">WKO-Link:<\/td>\n<td><a href=\"https:\/\/firmen.wko.at\/Web\/DetailsKontakt.aspx?FirmaID=e5ace0c7-13e2-475a-93df-3e8a4516bb13&amp;StandortID=-1&amp;StandortName=4722&amp;Suchbegriff=Koller+Roman&amp;Page=1\"><img decoding=\"async\" loading=\"lazy\" class=\"alignnone wp-image-226 size-full\" src=\"https:\/\/www.koller.at\/wp-content\/uploads\/2016\/03\/ecg.gif\" alt=\"ecg\" width=\"169\" height=\"23\"><\/a><\/td>\n<\/tr>\n<\/tbody>\n<\/table>\n<p>Copyright \u00a9 2022: Roman Koller<\/p>\n<div class=\"imglinkgrau\" align=\"left\">Verantwortlich f\u00fcr den Inhalt: Gesch\u00e4ftsf\u00fchrung<\/div>\n<div class=\"imglinkgrau\" align=\"left\">\n<p>CMS: WordPress<\/p>\n<\/div>\n<div class=\"imglinkgrau\" align=\"left\"><\/div>\n<h6 class=\"imglinkgrau\" align=\"left\">Alle Inhalte auf dieser Website sind urheberrechtlich gesch\u00fctzt. Texte, Bilder, Grafiken und Animationen unterliegen dem Schutz des Urheberrechts und anderer Schutzgesetze. Der Inhalt darf nicht zu kommerziellen Zwecken kopiert, verbreitet, ver\u00e4ndert oder Dritten zug\u00e4nglich gemacht werden. Jede Nutzung, insbesondere die Speicherung in Datenbanken, Vervielf\u00e4ltigung, Verbreitung, Bearbeitung und jede Form von gewerblicher Nutzung sowie die Weitergabe an Dritte &#8211; auch in Teilen oder in \u00fcberarbeiteter Form &#8211; ohne Zustimmung des Betreibers bzw. des Urhebers ist untersagt.<\/h6>\n<p class=\"imglinkgrau\" align=\"left\"><strong>Nutzungsbedingungen, Gew\u00e4hrleistung, Haftung \u00fcber Inhalt und Verlinkungen<\/strong><\/p>\n<p class=\"imglinkgrau\" align=\"justify\">Die Nutzung dieser Website erfolgt auf eigene Gefahr und eigenes Risiko. Wir \u00fcbernehmen weder Gew\u00e4hr f\u00fcr st\u00e4ndige Verf\u00fcgbarkeit, noch f\u00fcr die ver\u00f6ffentlichten Beitr\u00e4ge, Angebote, Dienstleistungen und Services hinsichtlich Richtigkeit, Vollst\u00e4ndigkeit und Funktionalit\u00e4t. Die Gew\u00e4hrleistung richtet sich nach den gesetzlichen Bestimmungen. Jegliche Haftung f\u00fcr Sch\u00e4den, die direkt oder indirekt aus der Benutzung dieser Website entstehen, ist ausgeschlossen. Diese Website und die damit verbundenen Dienste werden unter dem Gesichtspunkt gr\u00f6\u00dfter Sorgfalt, Zuverl\u00e4ssigkeit und Verf\u00fcgbarkeit betrieben. Aus technischen Gr\u00fcnden ist es jedoch nicht m\u00f6glich, dass diese Dienste ohne Unterbrechung zug\u00e4nglich sind, dass die gew\u00fcnschten Verbindungen immer hergestellt werden k\u00f6nnen oder, dass gespeicherte Daten unter allen Gegebenheiten erhalten bleiben. Die st\u00e4ndige Verf\u00fcgbarkeit kann daher nicht zugesichert werden. IP-Konnektivit\u00e4t zu anderen Netzbetreibern erfolgt nach Ma\u00dfgabe der M\u00f6glichkeiten. Jegliche Haftung f\u00fcr Probleme, die ihre Ursache in den Netzen Dritter haben, ist ausgeschlossen. Die Nutzung anderer Netzte unterliegt den Nutzungsbedingungen der jeweiligen Betreiber. Es kann bei h\u00f6herer Gewalt, Streiks zu Einschr\u00e4nkungen und zu Unterbrechungen kommen, wobei f\u00fcr derartige Ausf\u00e4lle keine Haftung besteht. Bei Verlinkungen auf weitere Online-Angebote \u00fcbernehmen wir keine Haftung \u00fcber den Inhalt, Funktionalit\u00e4t und Verf\u00fcgbarkeit der verlinkten Website(n). Dies gilt auch bei allen anderen direkten oder indirekten Verweisen oder Verlinkungen auf fremde Internetangebote. Links auf diese Website sind erw\u00fcnscht, wenn sie als externe Links in einem eigenen Browserfenster gestaltet sind. Eine \u00dcbernahme des Hauptfensters in einen Frame des Linksetzers ist unzul\u00e4ssig. Sollte eine Website, auf die wir verlinkt haben, rechtswidrige Inhalte enthalten, so bitten wir um Mitteilung, der Link wird dann umgehend entfernt.<\/p>\n<p class=\"imglinkgrau\" align=\"justify\"><strong>Datenschutzrichtlinien <\/strong><\/p>\n<p class=\"imglinkgrau\" align=\"justify\">Die Einhaltung der jeweils geltenden gesetzlichen Bestimmungen zum Datenschutz personenbezogener Daten ist f\u00fcr uns selbstverst\u00e4ndlich. Dazu erfahren Sie in der Datenschutzrichtlinie, wie Ihre Daten erhoben und gesch\u00fctzt werden und welche M\u00f6glichkeiten Sie haben, Auskunft \u00fcber die bei uns gespeicherten, personenbezogenen Daten zu erhalten. Personenbezogene Daten sind Informationen, die genutzt werden k\u00f6nnen, um die Identit\u00e4t zu erfahren. Darunter fallen Informationen wie Name, Adresse, Postanschrift, Telefonnummer etc. S\u00e4mtliche Informationen, die nicht direkt mit der tats\u00e4chlichen Identit\u00e4t von Web Usern in Verbindung gebracht werden k\u00f6nnen fallen nicht darunter. Wir fragen den Nutzer unserer Website bei Bedarf nach Firma, Namen, Vornamen und nach anderen diversen pers\u00f6nlichen Informationen, wenn der Nutzer einen personalisierten oder interaktiven Dienst benutz. Wir verwenden diese personenbezogenen Informationen im Falle von Anfragen nur innerhalb des Unternehmens selbst. Die Daten werden nicht an Dritte weitergegeben, es sei denn dies ist zur Vertragserf\u00fcllung erforderlich. Jedenfalls erfolgt keine Weitergabe von Daten bevor wir nicht Ihr ausdr\u00fcckliches Einverst\u00e4ndnis dazu eingeholt haben. Wir wissen das Vertrauen zu sch\u00e4tzen, das Sie uns entgegenbringen, und wenden \u00e4u\u00dferste Sorgfalt an, um Ihre pers\u00f6nlichen Angaben zu sch\u00fctzen. Sie haben jedenfalls das Recht zu erfahren, welche Daten gesammelt wurden und haben auch die M\u00f6glichkeit L\u00f6schung der Daten zu veranlassen.<\/p>\n<p>Google Analytics<\/p>\n<p style=\"text-align: justify;\">Diese Website benutzt Google Analytics, einen Webanalysedienst der Google Inc. (\u201eGoogle\u201c). Google Analytics verwendet sog. \u201eCookies\u201c, Textdateien, die auf Ihrem Computer gespeichert werden und die eine Analyse der Benutzung der Website durch Sie erm\u00f6glichen. Die durch das Cookie erzeugten Informationen \u00fcber Ihre Benutzung dieser Website werden in der Regel an einen Server von Google in den USA \u00fcbertragen und dort gespeichert. Im Falle der Aktivierung der IP-Anonymisierung auf dieser Website, wird Ihre IP-Adresse von Google jedoch innerhalb von Mitgliedstaaten der Europ\u00e4ischen Union oder in anderen Vertragsstaaten des Abkommens \u00fcber den Europ\u00e4ischen Wirtschaftsraum zuvor gek\u00fcrzt. Nur in Ausnahmef\u00e4llen wird die volle IP-Adresse an einen Server von Google in den USA \u00fcbertragen und dort gek\u00fcrzt. Im Auftrag des Betreibers dieser Website wird Google diese Informationen benutzen, um Ihre Nutzung der Website auszuwerten, um Reports \u00fcber die Websiteaktivit\u00e4ten zusammenzustellen und um weitere mit der Websitenutzung und der Internetnutzung verbundene Dienstleistungen gegen\u00fcber dem Websitebetreiber zu erbringen. Die im Rahmen von Google Analytics von Ihrem Browser \u00fcbermittelte IP-Adresse wird nicht mit anderen Daten von Google zusammengef\u00fchrt. Sie k\u00f6nnen die Speicherung der Cookies durch eine entsprechende Einstellung Ihrer Browser-Software verhindern; wir weisen Sie jedoch darauf hin, dass Sie in diesem Fall gegebenenfalls nicht s\u00e4mtliche Funktionen dieser Website vollumf\u00e4nglich werden nutzen k\u00f6nnen. Sie k\u00f6nnen dar\u00fcber hinaus die Erfassung der durch das Cookie erzeugten und auf Ihre Nutzung der Website bezogenen Daten (inkl. Ihrer IP-Adresse) an Google sowie die Verarbeitung dieser Daten durch Google verhindern, indem Sie das unter dem folgenden Link (<a href=\"https:\/\/tools.google.com\/dlpage\/gaoptout?hl=de\">https:\/\/tools.google.com\/dlpage\/gaoptout?hl=de<\/a>) verf\u00fcgbare Browser-Plugin herunterladen und installieren.<\/p>\n","protected":false},"excerpt":{"rendered":"<p>Information lt.\u00a7 5 Abs. 1 E-Commerce-Gesetz Firmenname: Roman Koller Stra\u00dfe: Stifterstra\u00dfe 19 PLZ\/Ort: 4722 Bruck-Waasen, Austria UID: ATU 22 32 90 04 Telefon: +43 (0) 676 925 56 63 E-Mail: r.koller@koller.at Homepage: www.koller.at WKO-Link: Copyright \u00a9 2022: Roman Koller Verantwortlich f\u00fcr den Inhalt: Gesch\u00e4ftsf\u00fchrung CMS: WordPress Alle Inhalte auf dieser Website sind urheberrechtlich gesch\u00fctzt. Texte, Bilder, Grafiken und Animationen unterliegen dem Schutz des Urheberrechts und anderer Schutzgesetze. Der Inhalt darf nicht zu kommerziellen Zwecken kopiert, verbreitet, ver\u00e4ndert oder Dritten zug\u00e4nglich gemacht werden. Jede Nutzung, insbesondere die Speicherung in Datenbanken, Vervielf\u00e4ltigung, Verbreitung, Bearbeitung und jede Form von gewerblicher Nutzung sowie die Weitergabe an Dritte &#8211; auch in Teilen oder in \u00fcberarbeiteter Form &#8211; ohne Zustimmung des Betreibers bzw. des Urhebers ist untersagt. Nutzungsbedingungen, Gew\u00e4hrleistung, Haftung \u00fcber Inhalt und Verlinkungen Die Nutzung dieser Website erfolgt auf eigene Gefahr und eigenes Risiko. Wir \u00fcbernehmen weder Gew\u00e4hr f\u00fcr st\u00e4ndige Verf\u00fcgbarkeit, noch f\u00fcr die ver\u00f6ffentlichten Beitr\u00e4ge, Angebote, Dienstleistungen und Services hinsichtlich Richtigkeit, Vollst\u00e4ndigkeit und Funktionalit\u00e4t. Die Gew\u00e4hrleistung richtet sich nach den gesetzlichen Bestimmungen. Jegliche Haftung f\u00fcr Sch\u00e4den, die direkt oder indirekt aus der Benutzung dieser Website entstehen, ist ausgeschlossen. Diese Website und die damit verbundenen Dienste werden unter dem Gesichtspunkt gr\u00f6\u00dfter Sorgfalt, Zuverl\u00e4ssigkeit und Verf\u00fcgbarkeit betrieben. Aus technischen Gr\u00fcnden ist es jedoch nicht m\u00f6glich, dass diese Dienste ohne Unterbrechung zug\u00e4nglich sind, dass die gew\u00fcnschten Verbindungen immer hergestellt werden k\u00f6nnen oder, dass gespeicherte Daten unter allen Gegebenheiten erhalten bleiben. Die st\u00e4ndige Verf\u00fcgbarkeit kann daher nicht zugesichert werden. IP-Konnektivit\u00e4t zu anderen Netzbetreibern erfolgt nach Ma\u00dfgabe der M\u00f6glichkeiten. [&hellip;]<\/p>\n","protected":false},"author":1,"featured_media":0,"parent":0,"menu_order":0,"comment_status":"closed","ping_status":"closed","template":"","meta":[],"_links":{"self":[{"href":"https:\/\/www.koller.at\/index.php\/wp-json\/wp\/v2\/pages\/52"}],"collection":[{"href":"https:\/\/www.koller.at\/index.php\/wp-json\/wp\/v2\/pages"}],"about":[{"href":"https:\/\/www.koller.at\/index.php\/wp-json\/wp\/v2\/types\/page"}],"author":[{"embeddable":true,"href":"https:\/\/www.koller.at\/index.php\/wp-json\/wp\/v2\/users\/1"}],"replies":[{"embeddable":true,"href":"https:\/\/www.koller.at\/index.php\/wp-json\/wp\/v2\/comments?post=52"}],"version-history":[{"count":12,"href":"https:\/\/www.koller.at\/index.php\/wp-json\/wp\/v2\/pages\/52\/revisions"}],"predecessor-version":[{"id":1090,"href":"https:\/\/www.koller.at\/index.php\/wp-json\/wp\/v2\/pages\/52\/revisions\/1090"}],"wp:attachment":[{"href":"https:\/\/www.koller.at\/index.php\/wp-json\/wp\/v2\/media?parent=52"}],"curies":[{"name":"wp","href":"https:\/\/api.w.org\/{rel}","templated":true}]}}