{"id":7,"date":"2016-03-18T09:20:27","date_gmt":"2016-03-18T08:20:27","guid":{"rendered":"http:\/\/localhost\/koller\/?page_id=7"},"modified":"2025-09-27T08:35:54","modified_gmt":"2025-09-27T06:35:54","slug":"7-2","status":"publish","type":"page","link":"https:\/\/www.koller.at\/","title":{"rendered":"Home"},"content":{"rendered":"<p>[vc_row][vc_column width=&#8220;1\/2&#8243;][vc_column_text]<\/p>\n<h1>Gesch\u00e4tzte Kunden,<\/h1>\n<h1>Aufgrund des unerwarteten Ablebens von Hr. Ing. Roman Koller\u00a0\u00a0musste die Einzelfirma Koller Robot Solutions leider aufgel\u00f6st werden.<\/h1>\n<h1>Die Homepage inkl. Downloadbereich f\u00fcr registrierte Kunden steht bis auf Weiteres noch zu Verf\u00fcgung.<\/h1>\n<h1>F\u00fcr die zuk\u00fcnftige Betreuung ihrer Robotik- &amp; Automationsprojekte wenden sie sich bitte an die Koller Robot Solutions Partner-Firma:<\/h1>\n<h1><strong><a href=\"https:\/\/www.ags.at\/team\">AGS-Engineering GmbH<\/a><\/strong><\/h1>\n<p>[\/vc_column_text][vc_separator style=&#8220;double&#8220;]\n\t\t<article id=\"post-1040\" class=\"post-image-left post-1040 portfolio type-portfolio status-publish format-standard has-post-thumbnail hentry\">\n\t\t\t<div class=\"row-fluid\">\n\t\t\t\t\n\t<header class=\"post-header span5\">\n\t\t<div class=\"featured-image\">\n\t\t\t\t\t<a href=\"https:\/\/www.koller.at\/index.php\/portfolio\/roboter-machen-musik\/\" class=\"shadow-curl styled-image \" title=\"Permalink to Roboter machen Musik&#8230;\" rel=\"bookmark\"><img width=\"783\" height=\"441\" src=\"https:\/\/www.koller.at\/wp-content\/uploads\/2017\/12\/Header-Nigel-Stanford-Web-News-783x441.jpg\" class=\"attachment-post-thumbnail size-post-thumbnail wp-post-image\" alt=\"\" decoding=\"async\" loading=\"lazy\" srcset=\"https:\/\/www.koller.at\/wp-content\/uploads\/2017\/12\/Header-Nigel-Stanford-Web-News-783x441.jpg 783w, https:\/\/www.koller.at\/wp-content\/uploads\/2017\/12\/Header-Nigel-Stanford-Web-News-300x169.jpg 300w, https:\/\/www.koller.at\/wp-content\/uploads\/2017\/12\/Header-Nigel-Stanford-Web-News-768x432.jpg 768w, https:\/\/www.koller.at\/wp-content\/uploads\/2017\/12\/Header-Nigel-Stanford-Web-News-1024x576.jpg 1024w, https:\/\/www.koller.at\/wp-content\/uploads\/2017\/12\/Header-Nigel-Stanford-Web-News-575x324.jpg 575w, https:\/\/www.koller.at\/wp-content\/uploads\/2017\/12\/Header-Nigel-Stanford-Web-News-1200x675.jpg 1200w, https:\/\/www.koller.at\/wp-content\/uploads\/2017\/12\/Header-Nigel-Stanford-Web-News.jpg 1400w\" sizes=\"(max-width: 783px) 100vw, 783px\" \/><div class=\"inner-overlay\"><\/div><\/a>\n\t\t\t\t<\/div>\n\t<\/header>\n\n\t\t<div class=\"span7\">\n\t<h1 class=\"entry-title\">\t<a href=\"https:\/\/www.koller.at\/index.php\/portfolio\/roboter-machen-musik\/\" title=\"Permalink to Roboter machen Musik&#8230;\" rel=\"bookmark\">Roboter machen Musik&#8230;<\/a><\/h1>\t\t\t<div class=\"entry-content summary\">\n\t\t\t\t<p><\/p>\n\t\t\t\t\t\t\t\t\t<p class=\"readmore\"><a href=\"https:\/\/www.koller.at\/index.php\/portfolio\/roboter-machen-musik\/\"><\/a><\/p>\n\t\t\t\t\t\t\t<\/div><!-- .entry-summary -->\n\t\t\t\t<\/div><!-- .span# -->\n\t\t\t\t<\/div><!-- .row-fluid -->\n\n\t\t\t<footer class=\"entry-footer entry-meta\">\n\t\t\t\t\t\t\t\t<div class=\"post-meta clearfix\"><span class=\"date-meta\"><span class=\"meta-label\">Date: <\/span><time class=\"entry-date\" datetime=\"2017-12-01T19:34:06+00:00\">Freitag, der  1. Dezember 2017<\/time><span class=\"meta-sep\">\/<\/span><\/span><span class=\"author vcard author-meta\"><span class=\"meta-label\">Author: <\/span><a class=\"url fn n\" href=\"https:\/\/www.koller.at\/index.php\/author\/rkoller\/\" title=\"View all posts by Roman Koller\" rel=\"author\">Roman Koller<\/a><span class=\"meta-sep\">\/<\/span><\/span><\/div>\t\t\t\t\t\t\t<\/footer><!-- .entry-meta -->\n\n\t\t<\/article><!-- #post -->\n\n\t[\/vc_column][vc_column width=&#8220;1\/2&#8243;]<div class=\"iconBox icon\"><i class=\"fa fa-number1\"><\/i><div class=\"textContent\"><h2 class=\"iconBoxTitle\">krs.Handling<\/h2><div class=\"theText\">Die ideale KUKA KRL-Bibliothek f\u00fcr Roboter-Handhabungsaufgaben<\/p>\n<p><a href=\"https:\/\/www.koller.at\/index.php\/krshandling\/\">mehr erfahren &#8230;<\/a><\/div><\/div><\/div><div class=\"iconBox icon\"><i class=\"fa fa-number2\"><\/i><div class=\"textContent\"><h2 class=\"iconBoxTitle\">RoboVision<\/h2><div class=\"theText\">Erstellen Sie im Handumdrehen Ihre Handlingapplikation mit RoboVision.<\/p>\n<p><a href=\"https:\/\/www.koller.at\/index.php\/robovision\/\">mehr erfahren &#8230;<\/a><\/div><\/div><\/div><div class=\"iconBox icon\"><i class=\"fa fa-number3\"><\/i><div class=\"textContent\"><h2 class=\"iconBoxTitle\">Engineering<\/h2><div class=\"theText\">KOLLER Robot Solutions als Partner von Anlagen- und Maschinenbauern\u00a0und der Industrie &#8230;<\/p>\n<p><a href=\"https:\/\/www.koller.at\/index.php\/engineering\/\">mehr erfahren &#8230;<\/a><\/div><\/div><\/div>[vc_single_image image=&#8220;1055&#8243; img_size=&#8220;full&#8220; alignment=&#8220;right&#8220;][\/vc_column][\/vc_row]<\/p>","protected":false},"excerpt":{"rendered":"<p>[vc_row][vc_column width=&#8220;1\/2&#8243;][vc_column_text] Gesch\u00e4tzte Kunden, Aufgrund des unerwarteten Ablebens von Hr. Ing. Roman Koller\u00a0\u00a0musste die Einzelfirma Koller Robot Solutions leider aufgel\u00f6st werden. Die Homepage inkl. Downloadbereich f\u00fcr registrierte Kunden steht bis auf Weiteres noch zu Verf\u00fcgung. F\u00fcr die zuk\u00fcnftige Betreuung ihrer Robotik- &amp; Automationsprojekte wenden sie sich bitte an die Koller Robot Solutions Partner-Firma: AGS-Engineering GmbH [\/vc_column_text][vc_separator style=&#8220;double&#8220;][\/vc_column][vc_column width=&#8220;1\/2&#8243;][vc_single_image image=&#8220;1055&#8243; img_size=&#8220;full&#8220; alignment=&#8220;right&#8220;][\/vc_column][\/vc_row]<\/p>\n","protected":false},"author":1,"featured_media":0,"parent":0,"menu_order":0,"comment_status":"closed","ping_status":"closed","template":"","meta":[],"_links":{"self":[{"href":"https:\/\/www.koller.at\/index.php\/wp-json\/wp\/v2\/pages\/7"}],"collection":[{"href":"https:\/\/www.koller.at\/index.php\/wp-json\/wp\/v2\/pages"}],"about":[{"href":"https:\/\/www.koller.at\/index.php\/wp-json\/wp\/v2\/types\/page"}],"author":[{"embeddable":true,"href":"https:\/\/www.koller.at\/index.php\/wp-json\/wp\/v2\/users\/1"}],"replies":[{"embeddable":true,"href":"https:\/\/www.koller.at\/index.php\/wp-json\/wp\/v2\/comments?post=7"}],"version-history":[{"count":47,"href":"https:\/\/www.koller.at\/index.php\/wp-json\/wp\/v2\/pages\/7\/revisions"}],"predecessor-version":[{"id":1115,"href":"https:\/\/www.koller.at\/index.php\/wp-json\/wp\/v2\/pages\/7\/revisions\/1115"}],"wp:attachment":[{"href":"https:\/\/www.koller.at\/index.php\/wp-json\/wp\/v2\/media?parent=7"}],"curies":[{"name":"wp","href":"https:\/\/api.w.org\/{rel}","templated":true}]}}