{"id":736,"date":"2016-05-05T10:58:27","date_gmt":"2016-05-05T08:58:27","guid":{"rendered":"http:\/\/www.koller.at\/?page_id=736"},"modified":"2016-07-12T11:36:33","modified_gmt":"2016-07-12T09:36:33","slug":"robovision","status":"publish","type":"page","link":"https:\/\/www.koller.at\/index.php\/robovision\/","title":{"rendered":"RoboVision"},"content":{"rendered":"<p>[vc_row][vc_column][vc_column_text]<\/p>\n<h2>RoboVision<\/h2>\n<p>[\/vc_column_text][vc_separator][vc_column_text]<\/p>\n<h3>.NET APP&#8217;s by koller robot solutions<\/h3>\n<p>[\/vc_column_text][vc_separator][vc_column_text]<\/p>\n<h2>RoboVision.Designer<\/h2>\n<p>Mit rv.Designer generieren sie ihren KUKA KRL-Code im Handumdrehen<\/p>\n<ol>\n<li>Definieren Sie Ihre Maschine(n)<\/li>\n<li>Legen Sie Stationen im Umfeld Ihrer Maschine(n) an<\/li>\n<li>F\u00fcgen Sie den Stationen Funktionalit\u00e4ten hinzu<\/li>\n<li>Fertig \u2013 nun k\u00f6nnen Sie den KRL-Code generieren<\/li>\n<\/ol>\n<p>[\/vc_column_text][vc_images_carousel images=&#8220;795,796,797,798,799,801,802,803,804,805,760,761,762,763,764,765,766,767,768,769,770,771,772,773,775,776,777,778,779,780,781,782,783,784,785,786,787,788,789,790,791,792,793,794&#8243; img_size=&#8220;medium&#8220; hide_pagination_control=&#8220;yes&#8220; wrap=&#8220;yes&#8220; title=&#8220;rv.Designer Tour &#8230;&#8220;][vc_separator][vc_column_text]<\/p>\n<h2 style=\"text-align: justify;\">RoboVision.Schedule<\/h2>\n<p style=\"text-align: justify;\">rv.Schedule\u00a0generiert Ihren Produktionsablauf. Verwenden Sie die im rv.Designer erzeugten Stationen, um f\u00fcr Ihr Produkt einen Fahrplan f\u00fcr die einzelnen Produktionsschritte zu definieren. Aus den generierten Fahrpl\u00e4nen kann ein KRL-Code erzeugt werden, um den Ablauf im Roboter zu steuern; ein SPS Programm generiert werden, um der \u00fcbergeordneten Steuerung die Ablaufsteuerung zu \u00fcberlassen oder die Rv.Production als Leitrechner \u00fcbernimmt die Steuerung.<\/p>\n<p>[\/vc_column_text][vc_separator][vc_column_text]<\/p>\n<h2>RoboVision.HMI<\/h2>\n<p style=\"text-align: justify;\">rv.HMI ist PC-basierend bereits auf Windows10 und Multitouch optimiert, als auch als Tabletversion erh\u00e4ltlich. Die Kommunikation mit der Maschine l\u00e4uft unter Ethernet. XML (alternativ auch OPC bzw. Anpassung an die kundenspezifische Schnittstelle m\u00f6glich) Mit Rv.HMI ist es erstmals gelungen, wirklich nur Funktionen und Elemente darzustellen, die zum aktuellen Zeitpunkt tats\u00e4chlich ausgef\u00fchrt werden k\u00f6nnen. Die Navigation durch die Funktionen der Anlage ist selbsterkl\u00e4rend. Vorbild waren hierbei die ausgereiften Oberfl\u00e4chen von modernen Smartphones und Tablets.<\/p>\n<p>[\/vc_column_text][vc_separator][vc_column_text]<\/p>\n<h2>RoboVision.Messenger<\/h2>\n<p style=\"text-align: justify;\">Der rv.Messenger filtert aus den unz\u00e4hligen Daten, Information, Zust\u00e4nden und Events, die RoboVision von Ihrer Anlage verwaltet, genau diejenigen heraus, die Sie interessieren und sendet sie direkt auf Ihre Ger\u00e4te (PC, Tablet, Smartphone, Drucker,&#8230;).<br \/>\nz.B.: konfigurieren Sie Ihren Rv.Messenger so, dass er Sie benachrichtigt, sobald Ihre Anlage sich 10 Zyklen vor Produktionsende \/ Materialmangel befindet.<\/p>\n<p>[\/vc_column_text][vc_separator][vc_column_text]<\/p>\n<h2>Schnittstellen<\/h2>\n<p style=\"text-align: justify;\">rv.Designer, rv.Schedule, rv.HMI und rv.Messenger greifen alle auf einen gemeinsamen Datenbestand zu und sind somit perfekt aufeinander abgestimmt.<\/p>\n<p>[\/vc_column_text][vc_separator][\/vc_column][\/vc_row]<\/p>","protected":false},"excerpt":{"rendered":"<p>[vc_row][vc_column][vc_column_text] RoboVision [\/vc_column_text][vc_separator][vc_column_text] .NET APP&#8217;s by koller robot solutions [\/vc_column_text][vc_separator][vc_column_text] RoboVision.Designer Mit rv.Designer generieren sie ihren KUKA KRL-Code im Handumdrehen Definieren Sie Ihre Maschine(n) Legen Sie Stationen im Umfeld Ihrer Maschine(n) an F\u00fcgen Sie den Stationen Funktionalit\u00e4ten hinzu Fertig \u2013 nun k\u00f6nnen Sie den KRL-Code generieren [\/vc_column_text][vc_images_carousel images=&#8220;795,796,797,798,799,801,802,803,804,805,760,761,762,763,764,765,766,767,768,769,770,771,772,773,775,776,777,778,779,780,781,782,783,784,785,786,787,788,789,790,791,792,793,794&#8243; img_size=&#8220;medium&#8220; hide_pagination_control=&#8220;yes&#8220; wrap=&#8220;yes&#8220; title=&#8220;rv.Designer Tour &#8230;&#8220;][vc_separator][vc_column_text] RoboVision.Schedule rv.Schedule\u00a0generiert Ihren Produktionsablauf. Verwenden Sie die im rv.Designer erzeugten Stationen, um f\u00fcr Ihr Produkt einen Fahrplan f\u00fcr die einzelnen Produktionsschritte zu definieren. Aus den generierten Fahrpl\u00e4nen kann ein KRL-Code erzeugt werden, um den Ablauf im Roboter zu steuern; ein SPS Programm generiert werden, um der \u00fcbergeordneten Steuerung die Ablaufsteuerung zu \u00fcberlassen oder die Rv.Production als Leitrechner \u00fcbernimmt die Steuerung. [\/vc_column_text][vc_separator][vc_column_text] RoboVision.HMI rv.HMI ist PC-basierend bereits auf Windows10 und Multitouch optimiert, als auch als Tabletversion erh\u00e4ltlich. Die Kommunikation mit der Maschine l\u00e4uft unter Ethernet. XML (alternativ auch OPC bzw. Anpassung an die kundenspezifische Schnittstelle m\u00f6glich) Mit Rv.HMI ist es erstmals gelungen, wirklich nur Funktionen und Elemente darzustellen, die zum aktuellen Zeitpunkt tats\u00e4chlich ausgef\u00fchrt werden k\u00f6nnen. Die Navigation durch die Funktionen der Anlage ist selbsterkl\u00e4rend. Vorbild waren hierbei die ausgereiften Oberfl\u00e4chen von modernen Smartphones und Tablets. [\/vc_column_text][vc_separator][vc_column_text] RoboVision.Messenger Der rv.Messenger filtert aus den unz\u00e4hligen Daten, Information, Zust\u00e4nden und Events, die RoboVision von Ihrer Anlage verwaltet, genau diejenigen heraus, die Sie interessieren und sendet sie direkt auf Ihre Ger\u00e4te (PC, Tablet, Smartphone, Drucker,&#8230;). z.B.: konfigurieren Sie Ihren Rv.Messenger so, dass er Sie benachrichtigt, sobald Ihre Anlage sich 10 Zyklen vor Produktionsende \/ Materialmangel befindet. [\/vc_column_text][vc_separator][vc_column_text] Schnittstellen rv.Designer, rv.Schedule, [&hellip;]<\/p>\n","protected":false},"author":4,"featured_media":0,"parent":0,"menu_order":0,"comment_status":"closed","ping_status":"closed","template":"","meta":[],"_links":{"self":[{"href":"https:\/\/www.koller.at\/index.php\/wp-json\/wp\/v2\/pages\/736"}],"collection":[{"href":"https:\/\/www.koller.at\/index.php\/wp-json\/wp\/v2\/pages"}],"about":[{"href":"https:\/\/www.koller.at\/index.php\/wp-json\/wp\/v2\/types\/page"}],"author":[{"embeddable":true,"href":"https:\/\/www.koller.at\/index.php\/wp-json\/wp\/v2\/users\/4"}],"replies":[{"embeddable":true,"href":"https:\/\/www.koller.at\/index.php\/wp-json\/wp\/v2\/comments?post=736"}],"version-history":[{"count":71,"href":"https:\/\/www.koller.at\/index.php\/wp-json\/wp\/v2\/pages\/736\/revisions"}],"predecessor-version":[{"id":1014,"href":"https:\/\/www.koller.at\/index.php\/wp-json\/wp\/v2\/pages\/736\/revisions\/1014"}],"wp:attachment":[{"href":"https:\/\/www.koller.at\/index.php\/wp-json\/wp\/v2\/media?parent=736"}],"curies":[{"name":"wp","href":"https:\/\/api.w.org\/{rel}","templated":true}]}}